{"id":56446,"date":"2023-05-15T18:17:49","date_gmt":"2023-05-15T18:17:49","guid":{"rendered":"https:\/\/goldbergloren.com\/zac-stoltz\/"},"modified":"2026-01-20T03:12:35","modified_gmt":"2026-01-20T03:12:35","slug":"zac-stoltz","status":"publish","type":"page","link":"https:\/\/goldbergloren.com\/es\/zac-stoltz\/","title":{"rendered":"Zac Stoltz"},"content":{"rendered":"\t\t<div data-elementor-type=\"wp-page\" data-elementor-id=\"56446\" class=\"elementor elementor-56446 elementor-37081\" data-elementor-settings=\"{&quot;element_pack_global_tooltip_width&quot;:{&quot;unit&quot;:&quot;px&quot;,&quot;size&quot;:&quot;&quot;,&quot;sizes&quot;:[]},&quot;element_pack_global_tooltip_width_tablet&quot;:{&quot;unit&quot;:&quot;px&quot;,&quot;size&quot;:&quot;&quot;,&quot;sizes&quot;:[]},&quot;element_pack_global_tooltip_width_mobile&quot;:{&quot;unit&quot;:&quot;px&quot;,&quot;size&quot;:&quot;&quot;,&quot;sizes&quot;:[]},&quot;element_pack_global_tooltip_padding&quot;:{&quot;unit&quot;:&quot;px&quot;,&quot;top&quot;:&quot;&quot;,&quot;right&quot;:&quot;&quot;,&quot;bottom&quot;:&quot;&quot;,&quot;left&quot;:&quot;&quot;,&quot;isLinked&quot;:true},&quot;element_pack_global_tooltip_padding_tablet&quot;:{&quot;unit&quot;:&quot;px&quot;,&quot;top&quot;:&quot;&quot;,&quot;right&quot;:&quot;&quot;,&quot;bottom&quot;:&quot;&quot;,&quot;left&quot;:&quot;&quot;,&quot;isLinked&quot;:true},&quot;element_pack_global_tooltip_padding_mobile&quot;:{&quot;unit&quot;:&quot;px&quot;,&quot;top&quot;:&quot;&quot;,&quot;right&quot;:&quot;&quot;,&quot;bottom&quot;:&quot;&quot;,&quot;left&quot;:&quot;&quot;,&quot;isLinked&quot;:true},&quot;element_pack_global_tooltip_border_radius&quot;:{&quot;unit&quot;:&quot;px&quot;,&quot;top&quot;:&quot;&quot;,&quot;right&quot;:&quot;&quot;,&quot;bottom&quot;:&quot;&quot;,&quot;left&quot;:&quot;&quot;,&quot;isLinked&quot;:true},&quot;element_pack_global_tooltip_border_radius_tablet&quot;:{&quot;unit&quot;:&quot;px&quot;,&quot;top&quot;:&quot;&quot;,&quot;right&quot;:&quot;&quot;,&quot;bottom&quot;:&quot;&quot;,&quot;left&quot;:&quot;&quot;,&quot;isLinked&quot;:true},&quot;element_pack_global_tooltip_border_radius_mobile&quot;:{&quot;unit&quot;:&quot;px&quot;,&quot;top&quot;:&quot;&quot;,&quot;right&quot;:&quot;&quot;,&quot;bottom&quot;:&quot;&quot;,&quot;left&quot;:&quot;&quot;,&quot;isLinked&quot;:true}}\" data-elementor-post-type=\"page\">\n\t\t\t\t\t\t<section data-particle_enable=\"false\" data-particle-mobile-disabled=\"false\" class=\"elementor-section elementor-top-section elementor-element elementor-element-a429ffa elementor-section-height-min-height elementor-section-stretched elementor-section-boxed elementor-section-height-default elementor-section-items-middle\" data-id=\"a429ffa\" data-element_type=\"section\" data-e-type=\"section\" data-settings=\"{&quot;background_background&quot;:&quot;classic&quot;,&quot;stretch_section&quot;:&quot;section-stretched&quot;}\">\n\t\t\t\t\t\t\t<div class=\"elementor-background-overlay\"><\/div>\n\t\t\t\t\t\t\t<div class=\"elementor-container elementor-column-gap-default\">\n\t\t\t\t\t<div class=\"elementor-column elementor-col-100 elementor-top-column elementor-element elementor-element-7f42b3e\" data-id=\"7f42b3e\" data-element_type=\"column\" data-e-type=\"column\">\n\t\t\t<div class=\"elementor-widget-wrap elementor-element-populated\">\n\t\t\t\t\t\t<div class=\"elementor-element elementor-element-10b9b12 elementor-widget elementor-widget-heading\" data-id=\"10b9b12\" data-element_type=\"widget\" data-e-type=\"widget\" data-widget_type=\"heading.default\">\n\t\t\t\t\t<h2 class=\"elementor-heading-title elementor-size-default\">La experiencia importa<\/h2>\t\t\t\t<\/div>\n\t\t\t\t<div class=\"elementor-element elementor-element-89a2575 elementor-widget elementor-widget-heading\" data-id=\"89a2575\" data-element_type=\"widget\" data-e-type=\"widget\" data-widget_type=\"heading.default\">\n\t\t\t\t\t<h1 class=\"elementor-heading-title elementor-size-default\">Zac Stoltz<\/h1>\t\t\t\t<\/div>\n\t\t\t\t<div class=\"elementor-element elementor-element-f44e6cd elementor-widget elementor-widget-text-editor\" data-id=\"f44e6cd\" data-element_type=\"widget\" data-e-type=\"widget\" data-widget_type=\"text-editor.default\">\n\t\t\t\t\t\t\t\t\t<p>Abogado Laboralista y de Lesiones Personales @ Goldberg &amp; Loren<\/p>\n\t\t\t\t\t\t\t\t<\/div>\n\t\t\t\t\t<\/div>\n\t\t<\/div>\n\t\t\t\t\t<\/div>\n\t\t<\/section>\n\t\t\t\t<section data-particle_enable=\"false\" data-particle-mobile-disabled=\"false\" class=\"elementor-section elementor-top-section elementor-element elementor-element-70dea81 elementor-section-boxed elementor-section-height-default elementor-section-height-default\" data-id=\"70dea81\" data-element_type=\"section\" data-e-type=\"section\">\n\t\t\t\t\t\t<div class=\"elementor-container elementor-column-gap-default\">\n\t\t\t\t\t<div class=\"elementor-column elementor-col-50 elementor-top-column elementor-element elementor-element-487b82d\" data-id=\"487b82d\" data-element_type=\"column\" data-e-type=\"column\" data-settings=\"{&quot;background_background&quot;:&quot;classic&quot;}\">\n\t\t\t<div class=\"elementor-widget-wrap elementor-element-populated\">\n\t\t\t\t\t\t<section data-particle_enable=\"false\" data-particle-mobile-disabled=\"false\" class=\"elementor-section elementor-inner-section elementor-element elementor-element-4addc10 elementor-section-boxed elementor-section-height-default elementor-section-height-default\" data-id=\"4addc10\" data-element_type=\"section\" data-e-type=\"section\">\n\t\t\t\t\t\t<div class=\"elementor-container elementor-column-gap-default\">\n\t\t\t\t\t<div class=\"elementor-column elementor-col-100 elementor-inner-column elementor-element elementor-element-d77c54e\" data-id=\"d77c54e\" data-element_type=\"column\" data-e-type=\"column\" data-settings=\"{&quot;background_background&quot;:&quot;classic&quot;}\">\n\t\t\t<div class=\"elementor-widget-wrap elementor-element-populated\">\n\t\t\t\t\t\t<div class=\"elementor-element elementor-element-03bf0b3 elementor-hidden-desktop elementor-hidden-tablet elementor-widget elementor-widget-image\" data-id=\"03bf0b3\" data-element_type=\"widget\" data-e-type=\"widget\" data-widget_type=\"image.default\">\n\t\t\t\t\t\t\t\t\t\t\t\t\t\t\t<img decoding=\"async\" src=\"https:\/\/goldbergloren.com\/wp-content\/uploads\/elementor\/thumbs\/zachary-stoltz-w-600x800-1-rg13o4ul4nv07z0vzwjxwyyyhbty0kq3w3djo0odi4.jpg\" title=\"Zac Stoltz\" alt=\"Zac Stoltz\" loading=\"lazy\" \/>\t\t\t\t\t\t\t\t\t\t\t\t\t\t\t<\/div>\n\t\t\t\t<div class=\"elementor-element elementor-element-39c6afd elementor-widget elementor-widget-heading\" data-id=\"39c6afd\" data-element_type=\"widget\" data-e-type=\"widget\" data-widget_type=\"heading.default\">\n\t\t\t\t\t<h2 class=\"elementor-heading-title elementor-size-default\">Zac Stoltz<\/h2>\t\t\t\t<\/div>\n\t\t\t\t<div class=\"elementor-element elementor-element-96a6535 elementor-widget elementor-widget-heading\" data-id=\"96a6535\" data-element_type=\"widget\" data-e-type=\"widget\" data-widget_type=\"heading.default\">\n\t\t\t\t\t<h2 class=\"elementor-heading-title elementor-size-default\">Empleo Laboral \/ Litigios Empresariales \/ Lesiones Personales<\/h2>\t\t\t\t<\/div>\n\t\t\t\t\t<\/div>\n\t\t<\/div>\n\t\t\t\t\t<\/div>\n\t\t<\/section>\n\t\t\t\t<div class=\"elementor-element elementor-element-6a26734 elementor-widget elementor-widget-text-editor\" data-id=\"6a26734\" data-element_type=\"widget\" data-e-type=\"widget\" data-widget_type=\"text-editor.default\">\n\t\t\t\t\t\t\t\t\t<p>La pr\u00e1ctica profesional de Zac Stoltz se centra en litigios laborales y empresariales. Su trabajo con clientes de la industria del entretenimiento, incluidas agencias de talentos, estudios y empresas de gesti\u00f3n, le permite conocer cuestiones jur\u00eddicas espec\u00edficas. <\/p>\n<p>Adem\u00e1s, su experiencia con clientes de diversas industrias le proporciona una comprensi\u00f3n global de los retos jur\u00eddicos a los que se enfrentan todos los clientes. Zac Stoltz ha negociado complejos acuerdos gremiales y de talento, y ha tramitado con \u00e9xito diversas reclamaciones salariales y de derechos civiles. <\/p>\n<p>Como dedicado defensor de los derechos de los empleados, ha pasado los dos \u00faltimos a\u00f1os representando apasionadamente a trabajadores de todo el estado en sus batallas legales contra la discriminaci\u00f3n en el lugar de trabajo, las represalias, el acoso, el despido improcedente y las infracciones salariales. Con un compromiso inquebrantable con la justicia, <\/p>\n<p>Zac combina su profundo conocimiento de la legislaci\u00f3n laboral con su gran capacidad de negociaci\u00f3n para luchar incansablemente por los derechos de sus clientes y garantizarles una indemnizaci\u00f3n justa.<\/p>\n<p>Su enfoque estrat\u00e9gico y su meticulosa atenci\u00f3n a los detalles le han granjeado una reputaci\u00f3n como profesional jur\u00eddico altamente eficaz, lo que le convierte en un abogado muy solicitado por los empleados que se enfrentan a litigios laborales dif\u00edciles.<\/p>\n<p>La pasi\u00f3n de Zac por la justicia social y su enfoque tenaz le han permitido influir en la vida de sus clientes y nivelar el terreno de juego.<\/p>\n\t\t\t\t\t\t\t\t<\/div>\n\t\t\t\t<div class=\"elementor-element elementor-element-4a02ca2 elementor-widget elementor-widget-heading\" data-id=\"4a02ca2\" data-element_type=\"widget\" data-e-type=\"widget\" data-widget_type=\"heading.default\">\n\t\t\t\t\t<h3 class=\"elementor-heading-title elementor-size-default\">\u00c1reas de pr\u00e1ctica<\/h3>\t\t\t\t<\/div>\n\t\t\t\t<div class=\"elementor-element elementor-element-6be95a6 elementor-widget elementor-widget-text-editor\" data-id=\"6be95a6\" data-element_type=\"widget\" data-e-type=\"widget\" data-widget_type=\"text-editor.default\">\n\t\t\t\t\t\t\t\t\t<ul class=\"bio-list\">\n<li class=\"bio-list__item\">Derecho Laboral<\/li>\n<li>Derecho laboral<\/li>\n<li>Derecho Mercantil<\/li>\n<\/ul>\n\t\t\t\t\t\t\t\t<\/div>\n\t\t\t\t<div class=\"elementor-element elementor-element-37899e6 elementor-widget elementor-widget-heading\" data-id=\"37899e6\" data-element_type=\"widget\" data-e-type=\"widget\" data-widget_type=\"heading.default\">\n\t\t\t\t\t<h3 class=\"elementor-heading-title elementor-size-default\">Acceso a la abogac\u00eda<\/h3>\t\t\t\t<\/div>\n\t\t\t\t<div class=\"elementor-element elementor-element-f39f24b elementor-widget elementor-widget-text-editor\" data-id=\"f39f24b\" data-element_type=\"widget\" data-e-type=\"widget\" data-widget_type=\"text-editor.default\">\n\t\t\t\t\t\t\t\t\t<ul class=\"bio-list\">\n<li class=\"bio-list__item\">Colegio de Abogados del Estado de California | Publicado en 2021<\/li>\n<\/ul>\n\t\t\t\t\t\t\t\t<\/div>\n\t\t\t\t<div class=\"elementor-element elementor-element-7189442 elementor-widget elementor-widget-heading\" data-id=\"7189442\" data-element_type=\"widget\" data-e-type=\"widget\" data-widget_type=\"heading.default\">\n\t\t\t\t\t<h3 class=\"elementor-heading-title elementor-size-default\">Educaci\u00f3n<\/h3>\t\t\t\t<\/div>\n\t\t\t\t<div class=\"elementor-element elementor-element-ddb889f elementor-widget elementor-widget-text-editor\" data-id=\"ddb889f\" data-element_type=\"widget\" data-e-type=\"widget\" data-widget_type=\"text-editor.default\">\n\t\t\t\t\t\t\t\t\t<div class=\"display-flex flex-row justify-space-between\">\n<ul>\n<li class=\"display-flex flex-wrap align-items-center full-height\"><span class=\"mr1 hoverable-link-text t-bold\"><span aria-hidden=\"true\">Facultad de Derecho del Sudoeste (ESCALA)<\/span><span class=\"visually-hidden\">Facultad de Derecho del Suroeste (ESCALA)<br \/><\/span><\/span><span class=\"visually-hidden\">Juris Doctor (J.D.), Derecho <\/span><span class=\"t-14 t-normal t-black--light\"><span aria-hidden=\"true\">2019 &#8211; 2021<\/span><\/span><\/li>\n<li class=\"display-flex flex-wrap align-items-center full-height\">Universidad Estatal de California, Northridge<br \/>Licenciatura en Artes (B.A.), <span class=\"visually-hidden\">Producci\u00f3n Cinematogr\u00e1fica<\/span><span class=\"t-14 t-normal t-black--light\"><span aria-hidden=\"true\">2010 <\/span><span class=\"visually-hidden\">2010 &#8211; 2012<\/span><\/span><\/li>\n<\/ul>\n<\/div>\n\t\t\t\t\t\t\t\t<\/div>\n\t\t\t\t\t<\/div>\n\t\t<\/div>\n\t\t\t\t<div class=\"elementor-column elementor-col-50 elementor-top-column elementor-element elementor-element-695da1e elementor-hidden-mobile\" data-id=\"695da1e\" data-element_type=\"column\" data-e-type=\"column\">\n\t\t\t<div class=\"elementor-widget-wrap elementor-element-populated\">\n\t\t\t\t\t\t<section data-particle_enable=\"false\" data-particle-mobile-disabled=\"false\" class=\"elementor-section elementor-inner-section elementor-element elementor-element-d7e855a elementor-section-boxed elementor-section-height-default elementor-section-height-default\" data-id=\"d7e855a\" data-element_type=\"section\" data-e-type=\"section\">\n\t\t\t\t\t\t<div class=\"elementor-container elementor-column-gap-default\">\n\t\t\t\t\t<div class=\"elementor-column elementor-col-100 elementor-inner-column elementor-element elementor-element-18e6f94\" data-id=\"18e6f94\" data-element_type=\"column\" data-e-type=\"column\" data-settings=\"{&quot;background_background&quot;:&quot;classic&quot;}\">\n\t\t\t<div class=\"elementor-widget-wrap elementor-element-populated\">\n\t\t\t\t\t\t<div class=\"elementor-element elementor-element-be71de0 elementor-absolute elementor-widget elementor-widget-image\" data-id=\"be71de0\" data-element_type=\"widget\" data-e-type=\"widget\" data-settings=\"{&quot;_position&quot;:&quot;absolute&quot;}\" data-widget_type=\"image.default\">\n\t\t\t\t\t\t\t\t\t\t\t\t\t\t\t<img fetchpriority=\"high\" decoding=\"async\" width=\"600\" height=\"800\" src=\"https:\/\/goldbergloren.com\/wp-content\/uploads\/2023\/05\/zachary-stoltz-w-600x800-1.jpg\" class=\"attachment-full size-full wp-image-37112\" alt=\"Zac Stoltz\" srcset=\"https:\/\/goldbergloren.com\/wp-content\/uploads\/2023\/05\/zachary-stoltz-w-600x800-1.jpg 600w, https:\/\/goldbergloren.com\/wp-content\/uploads\/2023\/05\/zachary-stoltz-w-600x800-1-225x300.jpg 225w\" sizes=\"(max-width: 600px) 100vw, 600px\" \/>\t\t\t\t\t\t\t\t\t\t\t\t\t\t\t<\/div>\n\t\t\t\t\t<\/div>\n\t\t<\/div>\n\t\t\t\t\t<\/div>\n\t\t<\/section>\n\t\t\t\t\t<\/div>\n\t\t<\/div>\n\t\t\t\t\t<\/div>\n\t\t<\/section>\n\t\t\t\t<\/div>\n\t\t","protected":false},"excerpt":{"rendered":"<p>La experiencia importa Zac Stoltz Abogado Laboralista y de Lesiones Personales @ Goldberg &amp; Loren Zac Stoltz Empleo Laboral \/ Litigios Empresariales \/ Lesiones Personales La pr\u00e1ctica profesional de Zac Stoltz se centra en litigios laborales y empresariales. Su trabajo con clientes de la industria del entretenimiento, incluidas agencias de talentos, estudios y empresas de [&hellip;]<\/p>\n","protected":false},"author":1,"featured_media":37086,"parent":0,"menu_order":0,"comment_status":"closed","ping_status":"closed","template":"","meta":{"_acf_changed":false,"footnotes":""},"class_list":["post-56446","page","type-page","status-publish","has-post-thumbnail","hentry"],"acf":[],"_links":{"self":[{"href":"https:\/\/goldbergloren.com\/es\/wp-json\/wp\/v2\/pages\/56446","targetHints":{"allow":["GET"]}}],"collection":[{"href":"https:\/\/goldbergloren.com\/es\/wp-json\/wp\/v2\/pages"}],"about":[{"href":"https:\/\/goldbergloren.com\/es\/wp-json\/wp\/v2\/types\/page"}],"author":[{"embeddable":true,"href":"https:\/\/goldbergloren.com\/es\/wp-json\/wp\/v2\/users\/1"}],"replies":[{"embeddable":true,"href":"https:\/\/goldbergloren.com\/es\/wp-json\/wp\/v2\/comments?post=56446"}],"version-history":[{"count":0,"href":"https:\/\/goldbergloren.com\/es\/wp-json\/wp\/v2\/pages\/56446\/revisions"}],"wp:featuredmedia":[{"embeddable":true,"href":"https:\/\/goldbergloren.com\/es\/wp-json\/wp\/v2\/media\/37086"}],"wp:attachment":[{"href":"https:\/\/goldbergloren.com\/es\/wp-json\/wp\/v2\/media?parent=56446"}],"curies":[{"name":"wp","href":"https:\/\/api.w.org\/{rel}","templated":true}]}}