{"id":56445,"date":"2023-05-15T21:13:51","date_gmt":"2023-05-15T21:13:51","guid":{"rendered":"https:\/\/goldbergloren.com\/joseph-perea\/"},"modified":"2026-01-20T14:43:17","modified_gmt":"2026-01-20T14:43:17","slug":"joseph-perea","status":"publish","type":"page","link":"https:\/\/goldbergloren.com\/es\/joseph-perea\/","title":{"rendered":"Jos\u00e9 Perea"},"content":{"rendered":"\t\t<div data-elementor-type=\"wp-page\" data-elementor-id=\"56445\" class=\"elementor elementor-56445 elementor-37102\" data-elementor-settings=\"{&quot;element_pack_global_tooltip_width&quot;:{&quot;unit&quot;:&quot;px&quot;,&quot;size&quot;:&quot;&quot;,&quot;sizes&quot;:[]},&quot;element_pack_global_tooltip_width_tablet&quot;:{&quot;unit&quot;:&quot;px&quot;,&quot;size&quot;:&quot;&quot;,&quot;sizes&quot;:[]},&quot;element_pack_global_tooltip_width_mobile&quot;:{&quot;unit&quot;:&quot;px&quot;,&quot;size&quot;:&quot;&quot;,&quot;sizes&quot;:[]},&quot;element_pack_global_tooltip_padding&quot;:{&quot;unit&quot;:&quot;px&quot;,&quot;top&quot;:&quot;&quot;,&quot;right&quot;:&quot;&quot;,&quot;bottom&quot;:&quot;&quot;,&quot;left&quot;:&quot;&quot;,&quot;isLinked&quot;:true},&quot;element_pack_global_tooltip_padding_tablet&quot;:{&quot;unit&quot;:&quot;px&quot;,&quot;top&quot;:&quot;&quot;,&quot;right&quot;:&quot;&quot;,&quot;bottom&quot;:&quot;&quot;,&quot;left&quot;:&quot;&quot;,&quot;isLinked&quot;:true},&quot;element_pack_global_tooltip_padding_mobile&quot;:{&quot;unit&quot;:&quot;px&quot;,&quot;top&quot;:&quot;&quot;,&quot;right&quot;:&quot;&quot;,&quot;bottom&quot;:&quot;&quot;,&quot;left&quot;:&quot;&quot;,&quot;isLinked&quot;:true},&quot;element_pack_global_tooltip_border_radius&quot;:{&quot;unit&quot;:&quot;px&quot;,&quot;top&quot;:&quot;&quot;,&quot;right&quot;:&quot;&quot;,&quot;bottom&quot;:&quot;&quot;,&quot;left&quot;:&quot;&quot;,&quot;isLinked&quot;:true},&quot;element_pack_global_tooltip_border_radius_tablet&quot;:{&quot;unit&quot;:&quot;px&quot;,&quot;top&quot;:&quot;&quot;,&quot;right&quot;:&quot;&quot;,&quot;bottom&quot;:&quot;&quot;,&quot;left&quot;:&quot;&quot;,&quot;isLinked&quot;:true},&quot;element_pack_global_tooltip_border_radius_mobile&quot;:{&quot;unit&quot;:&quot;px&quot;,&quot;top&quot;:&quot;&quot;,&quot;right&quot;:&quot;&quot;,&quot;bottom&quot;:&quot;&quot;,&quot;left&quot;:&quot;&quot;,&quot;isLinked&quot;:true}}\" data-elementor-post-type=\"page\">\n\t\t\t\t\t\t<section data-particle_enable=\"false\" data-particle-mobile-disabled=\"false\" class=\"elementor-section elementor-top-section elementor-element elementor-element-a429ffa elementor-section-height-min-height elementor-section-stretched elementor-section-boxed elementor-section-height-default elementor-section-items-middle\" data-id=\"a429ffa\" data-element_type=\"section\" data-e-type=\"section\" data-settings=\"{&quot;background_background&quot;:&quot;classic&quot;,&quot;stretch_section&quot;:&quot;section-stretched&quot;}\">\n\t\t\t\t\t\t\t<div class=\"elementor-background-overlay\"><\/div>\n\t\t\t\t\t\t\t<div class=\"elementor-container elementor-column-gap-default\">\n\t\t\t\t\t<div class=\"elementor-column elementor-col-100 elementor-top-column elementor-element elementor-element-7f42b3e\" data-id=\"7f42b3e\" data-element_type=\"column\" data-e-type=\"column\">\n\t\t\t<div class=\"elementor-widget-wrap elementor-element-populated\">\n\t\t\t\t\t\t<div class=\"elementor-element elementor-element-10b9b12 elementor-widget elementor-widget-heading\" data-id=\"10b9b12\" data-element_type=\"widget\" data-e-type=\"widget\" data-widget_type=\"heading.default\">\n\t\t\t\t\t<h2 class=\"elementor-heading-title elementor-size-default\">La experiencia importa<\/h2>\t\t\t\t<\/div>\n\t\t\t\t<div class=\"elementor-element elementor-element-89a2575 elementor-widget elementor-widget-heading\" data-id=\"89a2575\" data-element_type=\"widget\" data-e-type=\"widget\" data-widget_type=\"heading.default\">\n\t\t\t\t\t<h1 class=\"elementor-heading-title elementor-size-default\">Jos\u00e9 Perea<\/h1>\t\t\t\t<\/div>\n\t\t\t\t<div class=\"elementor-element elementor-element-f44e6cd elementor-widget elementor-widget-text-editor\" data-id=\"f44e6cd\" data-element_type=\"widget\" data-e-type=\"widget\" data-widget_type=\"text-editor.default\">\n\t\t\t\t\t\t\t\t\t<p>Abogado de Lesiones Personales @ Goldberg &amp; Loren<\/p>\n\t\t\t\t\t\t\t\t<\/div>\n\t\t\t\t\t<\/div>\n\t\t<\/div>\n\t\t\t\t\t<\/div>\n\t\t<\/section>\n\t\t\t\t<section data-particle_enable=\"false\" data-particle-mobile-disabled=\"false\" class=\"elementor-section elementor-top-section elementor-element elementor-element-70dea81 elementor-section-boxed elementor-section-height-default elementor-section-height-default\" data-id=\"70dea81\" data-element_type=\"section\" data-e-type=\"section\">\n\t\t\t\t\t\t<div class=\"elementor-container elementor-column-gap-default\">\n\t\t\t\t\t<div class=\"elementor-column elementor-col-50 elementor-top-column elementor-element elementor-element-487b82d\" data-id=\"487b82d\" data-element_type=\"column\" data-e-type=\"column\" data-settings=\"{&quot;background_background&quot;:&quot;classic&quot;}\">\n\t\t\t<div class=\"elementor-widget-wrap elementor-element-populated\">\n\t\t\t\t\t\t<section data-particle_enable=\"false\" data-particle-mobile-disabled=\"false\" class=\"elementor-section elementor-inner-section elementor-element elementor-element-92b921f elementor-section-boxed elementor-section-height-default elementor-section-height-default\" data-id=\"92b921f\" data-element_type=\"section\" data-e-type=\"section\">\n\t\t\t\t\t\t<div class=\"elementor-container elementor-column-gap-default\">\n\t\t\t\t\t<div class=\"elementor-column elementor-col-100 elementor-inner-column elementor-element elementor-element-efba75b\" data-id=\"efba75b\" data-element_type=\"column\" data-e-type=\"column\" data-settings=\"{&quot;background_background&quot;:&quot;classic&quot;}\">\n\t\t\t<div class=\"elementor-widget-wrap elementor-element-populated\">\n\t\t\t\t\t\t<div class=\"elementor-element elementor-element-e268873 elementor-hidden-desktop elementor-hidden-tablet elementor-widget elementor-widget-image\" data-id=\"e268873\" data-element_type=\"widget\" data-e-type=\"widget\" data-widget_type=\"image.default\">\n\t\t\t\t\t\t\t\t\t\t\t\t\t\t\t<img decoding=\"async\" src=\"https:\/\/goldbergloren.com\/wp-content\/uploads\/elementor\/thumbs\/joeseph-perea-rg13odb4u66l4golmi7l1eu3tso8xunox98wzibty4.jpg\" title=\"Jos\u00e9 Perea\" alt=\"foto de perfil del abogado Joseph Perea\" loading=\"lazy\" \/>\t\t\t\t\t\t\t\t\t\t\t\t\t\t\t<\/div>\n\t\t\t\t<div class=\"elementor-element elementor-element-717992f elementor-widget elementor-widget-heading\" data-id=\"717992f\" data-element_type=\"widget\" data-e-type=\"widget\" data-widget_type=\"heading.default\">\n\t\t\t\t\t<h2 class=\"elementor-heading-title elementor-size-default\">Jos\u00e9 Perea<\/h2>\t\t\t\t<\/div>\n\t\t\t\t<div class=\"elementor-element elementor-element-4b4371b elementor-widget elementor-widget-heading\" data-id=\"4b4371b\" data-element_type=\"widget\" data-e-type=\"widget\" data-widget_type=\"heading.default\">\n\t\t\t\t\t<h2 class=\"elementor-heading-title elementor-size-default\">Abogado de Derecho Laboral e Indemnizaci\u00f3n por Accidentes de Trabajo<\/h2>\t\t\t\t<\/div>\n\t\t\t\t\t<\/div>\n\t\t<\/div>\n\t\t\t\t\t<\/div>\n\t\t<\/section>\n\t\t\t\t<div class=\"elementor-element elementor-element-6a26734 elementor-widget elementor-widget-text-editor\" data-id=\"6a26734\" data-element_type=\"widget\" data-e-type=\"widget\" data-widget_type=\"text-editor.default\">\n\t\t\t\t\t\t\t\t\t<p>Joseph Perea, es licenciado por <a href=\"https:\/\/en.wikipedia.org\/wiki\/Florida_International_University\" target=\"_blank\" rel=\"noopener\">la Universidad Internacional de Florida<\/a> y curs\u00f3 estudios de Derecho en la Universidad Nova Southeastern. Es miembro del Colegio de Abogados de Florida desde 2007. <\/p>\n<p>Joseph asisti\u00f3 a las escuelas p\u00fablicas de Miami-Dade y creci\u00f3 en Miami. Antes de ir a la universidad, Joseph sirvi\u00f3 en el servicio activo de infanter\u00eda en los Marines de Estados Unidos durante cuatro a\u00f1os, recibiendo una baja honorable. Fue su experiencia en los Marines lo que le ense\u00f1\u00f3 disciplina y dedicaci\u00f3n.  <\/p>\n<p>En la FIU estudi\u00f3 Periodismo y Comunicaci\u00f3n de Masas, por lo que obtuvo una licenciatura. M\u00e1s tarde, trabaj\u00f3 en centros de escritura y ense\u00f1\u00f3 ingl\u00e9s en el Miami-Dade College y en la Barry University. Poco despu\u00e9s curs\u00f3 estudios de Derecho en Fort Lauderdale. Ha convertido sus experiencias vitales en compromiso y dedicaci\u00f3n para representar con pasi\u00f3n a las v\u00edctimas de lesiones y a sus familias.   <\/p>\n<p>Durante los \u00faltimos 16 a\u00f1os, Joseph ha litigado en casos de indemnizaci\u00f3n por accidentes laborales, as\u00ed como en casos de despido improcedente. Una de las especialidades de Joe es representar a las v\u00edctimas de lesiones laborales en los tribunales de circuito, cuando son despedidas injustamente o discriminadas por sus empleadores por haber presentado una reclamaci\u00f3n de indemnizaci\u00f3n laboral. <\/p>\n<p>Adem\u00e1s, Joseph tiene experiencia en litigios comerciales, ha ejercido en el Tribunal Federal representando a demandantes que pretenden recuperar sus salarios por horas extraordinarias y salario m\u00ednimo en virtud de la FLSA, y ha representado a demandantes por lesiones personales.<\/p>\n<p>Joseph se enorgullece de no haber representado nunca a una <a href=\"https:\/\/goldbergloren.com\/es\/tacticas-de-vigilancia-habituales-de-las-companias-de-seguros\/\">compa\u00f1\u00eda de seguros<\/a> y se dedica estrictamente a representar a personas normales que necesitan ayuda.<\/p>\n<p>Joe habla espa\u00f1ol e ingl\u00e9s con fluidez y est\u00e1 orgulloso de su herencia colombiana. Trabaja duro para obtener justicia para las v\u00edctimas de lesiones tanto en las comunidades hispanas como en las no hispanas. Le gusta especialmente trabajar en casos en los que se <a href=\"https:\/\/goldbergloren.com\/locations\/florida\/miami-workers-compensation-lawyer\/\">deniega cobertura<\/a> a un trabajador lesionado <a href=\"https:\/\/goldbergloren.com\/locations\/florida\/miami-workers-compensation-lawyer\/\">mientras trabaja en obras de construcci\u00f3n por toda Florida<\/a>.  <\/p>\n<p>Ha obtenido muy buenos resultados en este tipo de casos y agradece las referencias. Aunque tiene su sede en el sur de Florida, representa a trabajadores lesionados en todo el Estado de Florida y es muy conocido entre los miembros del colegio de abogados especializado en indemnizaciones por accidentes de trabajo. <\/p>\n<p>Fuera del trabajo, a Joe le gusta viajar y pasar tiempo con su familia. Est\u00e1 casado, tiene tres hijos y vive en Miami.   <\/p>\n\t\t\t\t\t\t\t\t<\/div>\n\t\t\t\t<div class=\"elementor-element elementor-element-4a02ca2 elementor-widget elementor-widget-heading\" data-id=\"4a02ca2\" data-element_type=\"widget\" data-e-type=\"widget\" data-widget_type=\"heading.default\">\n\t\t\t\t\t<h3 class=\"elementor-heading-title elementor-size-default\">\u00c1reas de pr\u00e1ctica<\/h3>\t\t\t\t<\/div>\n\t\t\t\t<div class=\"elementor-element elementor-element-6be95a6 elementor-widget elementor-widget-text-editor\" data-id=\"6be95a6\" data-element_type=\"widget\" data-e-type=\"widget\" data-widget_type=\"text-editor.default\">\n\t\t\t\t\t\t\t\t\t<ul class=\"bio-list\">\n<li class=\"bio-list__item\">Derecho laboral<\/li>\n<li>Derecho Laboral<\/li>\n<\/ul>\n\t\t\t\t\t\t\t\t<\/div>\n\t\t\t\t<div class=\"elementor-element elementor-element-37899e6 elementor-widget elementor-widget-heading\" data-id=\"37899e6\" data-element_type=\"widget\" data-e-type=\"widget\" data-widget_type=\"heading.default\">\n\t\t\t\t\t<h3 class=\"elementor-heading-title elementor-size-default\">Acceso a la abogac\u00eda<\/h3>\t\t\t\t<\/div>\n\t\t\t\t<div class=\"elementor-element elementor-element-f39f24b elementor-widget elementor-widget-text-editor\" data-id=\"f39f24b\" data-element_type=\"widget\" data-e-type=\"widget\" data-widget_type=\"text-editor.default\">\n\t\t\t\t\t\t\t\t\t<ul class=\"bio-list\">\n<li class=\"bio-list__item\">El Colegio de Abogados de Florida<\/li>\n<\/ul>\n\t\t\t\t\t\t\t\t<\/div>\n\t\t\t\t<div class=\"elementor-element elementor-element-7189442 elementor-widget elementor-widget-heading\" data-id=\"7189442\" data-element_type=\"widget\" data-e-type=\"widget\" data-widget_type=\"heading.default\">\n\t\t\t\t\t<h3 class=\"elementor-heading-title elementor-size-default\">Educaci\u00f3n<\/h3>\t\t\t\t<\/div>\n\t\t\t\t<div class=\"elementor-element elementor-element-ddb889f elementor-widget elementor-widget-text-editor\" data-id=\"ddb889f\" data-element_type=\"widget\" data-e-type=\"widget\" data-widget_type=\"text-editor.default\">\n\t\t\t\t\t\t\t\t\t<div class=\"display-flex flex-row justify-space-between\">\n<ul>\n<li>Nova Southeastern University<br \/>Doctor en Derecho (J.D.) Derecho<\/li>\n<li class=\"display-flex flex-wrap align-items-center full-height\"><span class=\"mr1 hoverable-link-text t-bold\"><span class=\"visually-hidden\">Universidad Internacional de Florida<br \/><\/span><\/span>Licenciatura en Comunicaci\u00f3n, Periodismo y Programas Afines<\/li>\n<\/ul>\n<\/div>\n\t\t\t\t\t\t\t\t<\/div>\n\t\t\t\t\t<\/div>\n\t\t<\/div>\n\t\t\t\t<div class=\"elementor-column elementor-col-50 elementor-top-column elementor-element elementor-element-695da1e elementor-hidden-mobile\" data-id=\"695da1e\" data-element_type=\"column\" data-e-type=\"column\">\n\t\t\t<div class=\"elementor-widget-wrap elementor-element-populated\">\n\t\t\t\t\t\t<section data-particle_enable=\"false\" data-particle-mobile-disabled=\"false\" class=\"elementor-section elementor-inner-section elementor-element elementor-element-d7e855a elementor-section-boxed elementor-section-height-default elementor-section-height-default\" data-id=\"d7e855a\" data-element_type=\"section\" data-e-type=\"section\">\n\t\t\t\t\t\t<div class=\"elementor-container elementor-column-gap-default\">\n\t\t\t\t\t<div class=\"elementor-column elementor-col-100 elementor-inner-column elementor-element elementor-element-18e6f94\" data-id=\"18e6f94\" data-element_type=\"column\" data-e-type=\"column\" data-settings=\"{&quot;background_background&quot;:&quot;classic&quot;}\">\n\t\t\t<div class=\"elementor-widget-wrap elementor-element-populated\">\n\t\t\t\t\t\t<div class=\"elementor-element elementor-element-be71de0 elementor-absolute elementor-widget elementor-widget-image\" data-id=\"be71de0\" data-element_type=\"widget\" data-e-type=\"widget\" data-settings=\"{&quot;_position&quot;:&quot;absolute&quot;}\" data-widget_type=\"image.default\">\n\t\t\t\t\t\t\t\t\t\t\t\t\t\t\t<img fetchpriority=\"high\" decoding=\"async\" width=\"500\" height=\"591\" src=\"https:\/\/goldbergloren.com\/wp-content\/uploads\/2023\/05\/joeseph-perea.jpg\" class=\"attachment-full size-full wp-image-37107\" alt=\"foto de perfil del abogado Joseph Perea\" srcset=\"https:\/\/goldbergloren.com\/wp-content\/uploads\/2023\/05\/joeseph-perea.jpg 500w, https:\/\/goldbergloren.com\/wp-content\/uploads\/2023\/05\/joeseph-perea-254x300.jpg 254w\" sizes=\"(max-width: 500px) 100vw, 500px\" \/>\t\t\t\t\t\t\t\t\t\t\t\t\t\t\t<\/div>\n\t\t\t\t\t<\/div>\n\t\t<\/div>\n\t\t\t\t\t<\/div>\n\t\t<\/section>\n\t\t\t\t\t<\/div>\n\t\t<\/div>\n\t\t\t\t\t<\/div>\n\t\t<\/section>\n\t\t\t\t<\/div>\n\t\t","protected":false},"excerpt":{"rendered":"<p>La experiencia importa Jos\u00e9 Perea Abogado de Lesiones Personales @ Goldberg &amp; Loren Jos\u00e9 Perea Abogado de Derecho Laboral e Indemnizaci\u00f3n por Accidentes de Trabajo Joseph Perea, es licenciado por la Universidad Internacional de Florida y curs\u00f3 estudios de Derecho en la Universidad Nova Southeastern. Es miembro del Colegio de Abogados de Florida desde 2007. [&hellip;]<\/p>\n","protected":false},"author":2,"featured_media":37107,"parent":0,"menu_order":0,"comment_status":"closed","ping_status":"closed","template":"","meta":{"_acf_changed":false,"footnotes":""},"class_list":["post-56445","page","type-page","status-publish","has-post-thumbnail","hentry"],"acf":[],"_links":{"self":[{"href":"https:\/\/goldbergloren.com\/es\/wp-json\/wp\/v2\/pages\/56445","targetHints":{"allow":["GET"]}}],"collection":[{"href":"https:\/\/goldbergloren.com\/es\/wp-json\/wp\/v2\/pages"}],"about":[{"href":"https:\/\/goldbergloren.com\/es\/wp-json\/wp\/v2\/types\/page"}],"author":[{"embeddable":true,"href":"https:\/\/goldbergloren.com\/es\/wp-json\/wp\/v2\/users\/2"}],"replies":[{"embeddable":true,"href":"https:\/\/goldbergloren.com\/es\/wp-json\/wp\/v2\/comments?post=56445"}],"version-history":[{"count":0,"href":"https:\/\/goldbergloren.com\/es\/wp-json\/wp\/v2\/pages\/56445\/revisions"}],"wp:featuredmedia":[{"embeddable":true,"href":"https:\/\/goldbergloren.com\/es\/wp-json\/wp\/v2\/media\/37107"}],"wp:attachment":[{"href":"https:\/\/goldbergloren.com\/es\/wp-json\/wp\/v2\/media?parent=56445"}],"curies":[{"name":"wp","href":"https:\/\/api.w.org\/{rel}","templated":true}]}}