{"id":28315,"date":"2023-01-04T14:22:37","date_gmt":"2023-01-04T14:22:37","guid":{"rendered":"https:\/\/goldbergloren.wpengine.com\/descargo-de-responsabilidad\/"},"modified":"2024-01-13T19:48:09","modified_gmt":"2024-01-13T19:48:09","slug":"descargo-de-responsabilidad","status":"publish","type":"page","link":"https:\/\/goldbergloren.com\/es\/descargo-de-responsabilidad\/","title":{"rendered":"Descargo de responsabilidad"},"content":{"rendered":"\t\t<div data-elementor-type=\"wp-page\" data-elementor-id=\"28315\" class=\"elementor elementor-28315 elementor-27804\" data-elementor-settings=\"{&quot;element_pack_global_tooltip_width&quot;:{&quot;unit&quot;:&quot;px&quot;,&quot;size&quot;:&quot;&quot;,&quot;sizes&quot;:[]},&quot;element_pack_global_tooltip_width_tablet&quot;:{&quot;unit&quot;:&quot;px&quot;,&quot;size&quot;:&quot;&quot;,&quot;sizes&quot;:[]},&quot;element_pack_global_tooltip_width_mobile&quot;:{&quot;unit&quot;:&quot;px&quot;,&quot;size&quot;:&quot;&quot;,&quot;sizes&quot;:[]},&quot;element_pack_global_tooltip_padding&quot;:{&quot;unit&quot;:&quot;px&quot;,&quot;top&quot;:&quot;&quot;,&quot;right&quot;:&quot;&quot;,&quot;bottom&quot;:&quot;&quot;,&quot;left&quot;:&quot;&quot;,&quot;isLinked&quot;:true},&quot;element_pack_global_tooltip_padding_tablet&quot;:{&quot;unit&quot;:&quot;px&quot;,&quot;top&quot;:&quot;&quot;,&quot;right&quot;:&quot;&quot;,&quot;bottom&quot;:&quot;&quot;,&quot;left&quot;:&quot;&quot;,&quot;isLinked&quot;:true},&quot;element_pack_global_tooltip_padding_mobile&quot;:{&quot;unit&quot;:&quot;px&quot;,&quot;top&quot;:&quot;&quot;,&quot;right&quot;:&quot;&quot;,&quot;bottom&quot;:&quot;&quot;,&quot;left&quot;:&quot;&quot;,&quot;isLinked&quot;:true},&quot;element_pack_global_tooltip_border_radius&quot;:{&quot;unit&quot;:&quot;px&quot;,&quot;top&quot;:&quot;&quot;,&quot;right&quot;:&quot;&quot;,&quot;bottom&quot;:&quot;&quot;,&quot;left&quot;:&quot;&quot;,&quot;isLinked&quot;:true},&quot;element_pack_global_tooltip_border_radius_tablet&quot;:{&quot;unit&quot;:&quot;px&quot;,&quot;top&quot;:&quot;&quot;,&quot;right&quot;:&quot;&quot;,&quot;bottom&quot;:&quot;&quot;,&quot;left&quot;:&quot;&quot;,&quot;isLinked&quot;:true},&quot;element_pack_global_tooltip_border_radius_mobile&quot;:{&quot;unit&quot;:&quot;px&quot;,&quot;top&quot;:&quot;&quot;,&quot;right&quot;:&quot;&quot;,&quot;bottom&quot;:&quot;&quot;,&quot;left&quot;:&quot;&quot;,&quot;isLinked&quot;:true}}\" data-elementor-post-type=\"page\">\n\t\t\t\t\t\t<section data-particle_enable=\"false\" data-particle-mobile-disabled=\"false\" class=\"elementor-section elementor-top-section elementor-element elementor-element-e6970f5 elementor-section-boxed elementor-section-height-default elementor-section-height-default\" data-id=\"e6970f5\" data-element_type=\"section\" data-e-type=\"section\">\n\t\t\t\t\t\t<div class=\"elementor-container elementor-column-gap-default\">\n\t\t\t\t\t<div class=\"elementor-column elementor-col-100 elementor-top-column elementor-element elementor-element-ccdd669 content\" data-id=\"ccdd669\" data-element_type=\"column\" data-e-type=\"column\" data-settings=\"{&quot;background_background&quot;:&quot;classic&quot;}\">\n\t\t\t<div class=\"elementor-widget-wrap elementor-element-populated\">\n\t\t\t\t\t\t<section data-particle_enable=\"false\" data-particle-mobile-disabled=\"false\" class=\"elementor-section elementor-inner-section elementor-element elementor-element-d5a1cdf elementor-section-boxed elementor-section-height-default elementor-section-height-default\" data-id=\"d5a1cdf\" data-element_type=\"section\" data-e-type=\"section\">\n\t\t\t\t\t\t<div class=\"elementor-container elementor-column-gap-default\">\n\t\t\t\t\t<div class=\"elementor-column elementor-col-100 elementor-inner-column elementor-element elementor-element-88eb672\" data-id=\"88eb672\" data-element_type=\"column\" data-e-type=\"column\" data-settings=\"{&quot;background_background&quot;:&quot;classic&quot;}\">\n\t\t\t<div class=\"elementor-widget-wrap elementor-element-populated\">\n\t\t\t\t\t\t<div class=\"elementor-element elementor-element-86dc4fb elementor-widget elementor-widget-heading\" data-id=\"86dc4fb\" data-element_type=\"widget\" data-e-type=\"widget\" data-widget_type=\"heading.default\">\n\t\t\t\t\t<h1 class=\"elementor-heading-title elementor-size-default\">Aviso legal<\/h1>\t\t\t\t<\/div>\n\t\t\t\t\t<\/div>\n\t\t<\/div>\n\t\t\t\t\t<\/div>\n\t\t<\/section>\n\t\t\t\t<section data-particle_enable=\"false\" data-particle-mobile-disabled=\"false\" class=\"elementor-section elementor-inner-section elementor-element elementor-element-507cff4 elementor-section-boxed elementor-section-height-default elementor-section-height-default\" data-id=\"507cff4\" data-element_type=\"section\" data-e-type=\"section\">\n\t\t\t\t\t\t<div class=\"elementor-container elementor-column-gap-default\">\n\t\t\t\t\t<div class=\"elementor-column elementor-col-100 elementor-inner-column elementor-element elementor-element-ea8a859\" data-id=\"ea8a859\" data-element_type=\"column\" data-e-type=\"column\">\n\t\t\t<div class=\"elementor-widget-wrap elementor-element-populated\">\n\t\t\t\t\t\t<div class=\"elementor-element elementor-element-b472701 elementor-widget elementor-widget-text-editor\" data-id=\"b472701\" data-element_type=\"widget\" data-e-type=\"widget\" data-widget_type=\"text-editor.default\">\n\t\t\t\t\t\t\t\t\t<h3>Ausencia de privilegio abogado-cliente<\/h3>\n<p>Cualquier comunicaci\u00f3n con nosotros a trav\u00e9s de este sitio web, correo electr\u00f3nico, funci\u00f3n de chat u otros m\u00e9todos no crea una relaci\u00f3n abogado-cliente. No proporcionamos asesoramiento jur\u00eddico y ninguna comunicaci\u00f3n debe interpretarse como tal.<\/p>\n<h3>Sin garant\u00edas<\/h3>\n<p>No garantizamos el resultado de su caso o situaci\u00f3n particular. El material de nuestro sitio web tiene \u00fanicamente fines informativos y no debe interpretarse como asesoramiento u opiniones jur\u00eddicas.<\/p>\n<h3>Sin respaldo<\/h3>\n<p>No nos hacemos responsables de la exactitud, fiabilidad o contenido de los sitios web de terceros vinculados a nuestro sitio web. Cualquier recomendaci\u00f3n de productos realizada en nuestro sitio no constituye una garant\u00eda o aprobaci\u00f3n de dichos productos.<\/p>\n<h3>Sin responsabilidad<\/h3>\n<p>No nos hacemos responsables de las p\u00e9rdidas o da\u00f1os que pueda sufrir como consecuencia del uso de nuestro sitio web, nuestros servicios o nuestro asesoramiento. Usted es el \u00fanico responsable de las decisiones que tome en relaci\u00f3n con sus asuntos jur\u00eddicos, y nosotros no aceptamos responsabilidad alguna por da\u00f1os y perjuicios derivados del uso de este sitio web o de su contenido.<\/p>\n<h3>Sin garant\u00eda<\/h3>\n<p>El contenido de nuestro sitio web se proporciona \u00abtal cual\u00bb, sin garant\u00eda de ning\u00fan tipo. No hacemos declaraciones ni ofrecemos garant\u00edas de ning\u00fan tipo, expresas o impl\u00edcitas, sobre la integridad, exactitud, fiabilidad, adecuaci\u00f3n o disponibilidad de nuestro sitio web o de la informaci\u00f3n contenida en \u00e9l.<\/p>\n<h3>Cambios<\/h3>\n<p>Nos reservamos el derecho a modificar este aviso legal en cualquier momento. Cualquier cambio se publicar\u00e1 en esta p\u00e1gina, por lo que le recomendamos que la consulte con regularidad. El uso de nuestro sitio web indica su consentimiento a cualquier cambio.<\/p>\n<h3>Copyright<\/h3>\n<p>Todo el contenido de este sitio web es propiedad nuestra y est\u00e1 protegido por las leyes de propiedad intelectual. El contenido no puede copiarse, reproducirse, modificarse ni distribuirse de ning\u00fan otro modo sin nuestro permiso previo por escrito.<\/p>\n<h3>Derecho aplicable<\/h3>\n<p>Este aviso legal se rige por las leyes del estado en el que estamos ubicados. Cualquier litigio derivado del presente aviso legal deber\u00e1 someterse a los tribunales de dicho Estado.<\/p>\n<p>Cualquier disputa derivada de este aviso legal se regir\u00e1 por las leyes estatales y federales aplicables, as\u00ed como por las normas y reglamentos de los colegios de abogados.<\/p>\n<h3>Contacto<\/h3>\n<p>Si tiene alguna pregunta sobre este aviso legal, p\u00f3ngase en contacto con nosotros.<\/p>\n<p>Por correo electr\u00f3nico <a href=\"mailto:contact@goldbergloren.com\">contact@goldbergloren.com<\/a> o ll\u00e1menos al <a href=\"tel:+18007314878\">1-800-731-4878<\/a>.<\/p>\n\t\t\t\t\t\t\t\t<\/div>\n\t\t\t\t\t<\/div>\n\t\t<\/div>\n\t\t\t\t\t<\/div>\n\t\t<\/section>\n\t\t\t\t\t<\/div>\n\t\t<\/div>\n\t\t\t\t\t<\/div>\n\t\t<\/section>\n\t\t\t\t<\/div>\n\t\t","protected":false},"excerpt":{"rendered":"<p>Aviso legal Ausencia de privilegio abogado-cliente Cualquier comunicaci\u00f3n con nosotros a trav\u00e9s de este sitio web, correo electr\u00f3nico, funci\u00f3n de chat u otros m\u00e9todos no crea una relaci\u00f3n abogado-cliente. No proporcionamos asesoramiento jur\u00eddico y ninguna comunicaci\u00f3n debe interpretarse como tal. Sin garant\u00edas No garantizamos el resultado de su caso o situaci\u00f3n particular. El material de [&hellip;]<\/p>\n","protected":false},"author":1,"featured_media":0,"parent":0,"menu_order":0,"comment_status":"closed","ping_status":"closed","template":"","meta":{"_acf_changed":false,"footnotes":""},"class_list":["post-28315","page","type-page","status-publish","hentry"],"acf":[],"_links":{"self":[{"href":"https:\/\/goldbergloren.com\/es\/wp-json\/wp\/v2\/pages\/28315","targetHints":{"allow":["GET"]}}],"collection":[{"href":"https:\/\/goldbergloren.com\/es\/wp-json\/wp\/v2\/pages"}],"about":[{"href":"https:\/\/goldbergloren.com\/es\/wp-json\/wp\/v2\/types\/page"}],"author":[{"embeddable":true,"href":"https:\/\/goldbergloren.com\/es\/wp-json\/wp\/v2\/users\/1"}],"replies":[{"embeddable":true,"href":"https:\/\/goldbergloren.com\/es\/wp-json\/wp\/v2\/comments?post=28315"}],"version-history":[{"count":0,"href":"https:\/\/goldbergloren.com\/es\/wp-json\/wp\/v2\/pages\/28315\/revisions"}],"wp:attachment":[{"href":"https:\/\/goldbergloren.com\/es\/wp-json\/wp\/v2\/media?parent=28315"}],"curies":[{"name":"wp","href":"https:\/\/api.w.org\/{rel}","templated":true}]}}