{"id":28291,"date":"2022-12-31T14:33:07","date_gmt":"2022-12-31T14:33:07","guid":{"rendered":"https:\/\/goldbergloren.wpengine.com\/politica-de-privacidad\/"},"modified":"2025-12-13T13:48:02","modified_gmt":"2025-12-13T13:48:02","slug":"politica-de-privacidad","status":"publish","type":"page","link":"https:\/\/goldbergloren.com\/es\/politica-de-privacidad\/","title":{"rendered":"Pol\u00edtica de privacidad"},"content":{"rendered":"\t\t<div data-elementor-type=\"wp-page\" data-elementor-id=\"28291\" class=\"elementor elementor-28291 elementor-27029\" data-elementor-settings=\"{&quot;element_pack_global_tooltip_width&quot;:{&quot;unit&quot;:&quot;px&quot;,&quot;size&quot;:&quot;&quot;,&quot;sizes&quot;:[]},&quot;element_pack_global_tooltip_width_tablet&quot;:{&quot;unit&quot;:&quot;px&quot;,&quot;size&quot;:&quot;&quot;,&quot;sizes&quot;:[]},&quot;element_pack_global_tooltip_width_mobile&quot;:{&quot;unit&quot;:&quot;px&quot;,&quot;size&quot;:&quot;&quot;,&quot;sizes&quot;:[]},&quot;element_pack_global_tooltip_padding&quot;:{&quot;unit&quot;:&quot;px&quot;,&quot;top&quot;:&quot;&quot;,&quot;right&quot;:&quot;&quot;,&quot;bottom&quot;:&quot;&quot;,&quot;left&quot;:&quot;&quot;,&quot;isLinked&quot;:true},&quot;element_pack_global_tooltip_padding_tablet&quot;:{&quot;unit&quot;:&quot;px&quot;,&quot;top&quot;:&quot;&quot;,&quot;right&quot;:&quot;&quot;,&quot;bottom&quot;:&quot;&quot;,&quot;left&quot;:&quot;&quot;,&quot;isLinked&quot;:true},&quot;element_pack_global_tooltip_padding_mobile&quot;:{&quot;unit&quot;:&quot;px&quot;,&quot;top&quot;:&quot;&quot;,&quot;right&quot;:&quot;&quot;,&quot;bottom&quot;:&quot;&quot;,&quot;left&quot;:&quot;&quot;,&quot;isLinked&quot;:true},&quot;element_pack_global_tooltip_border_radius&quot;:{&quot;unit&quot;:&quot;px&quot;,&quot;top&quot;:&quot;&quot;,&quot;right&quot;:&quot;&quot;,&quot;bottom&quot;:&quot;&quot;,&quot;left&quot;:&quot;&quot;,&quot;isLinked&quot;:true},&quot;element_pack_global_tooltip_border_radius_tablet&quot;:{&quot;unit&quot;:&quot;px&quot;,&quot;top&quot;:&quot;&quot;,&quot;right&quot;:&quot;&quot;,&quot;bottom&quot;:&quot;&quot;,&quot;left&quot;:&quot;&quot;,&quot;isLinked&quot;:true},&quot;element_pack_global_tooltip_border_radius_mobile&quot;:{&quot;unit&quot;:&quot;px&quot;,&quot;top&quot;:&quot;&quot;,&quot;right&quot;:&quot;&quot;,&quot;bottom&quot;:&quot;&quot;,&quot;left&quot;:&quot;&quot;,&quot;isLinked&quot;:true}}\" data-elementor-post-type=\"page\">\n\t\t\t\t\t\t<section data-particle_enable=\"false\" data-particle-mobile-disabled=\"false\" class=\"elementor-section elementor-top-section elementor-element elementor-element-e6970f5 elementor-section-boxed elementor-section-height-default elementor-section-height-default\" data-id=\"e6970f5\" data-element_type=\"section\" data-e-type=\"section\">\n\t\t\t\t\t\t<div class=\"elementor-container elementor-column-gap-default\">\n\t\t\t\t\t<div class=\"elementor-column elementor-col-100 elementor-top-column elementor-element elementor-element-ccdd669 content\" data-id=\"ccdd669\" data-element_type=\"column\" data-e-type=\"column\" data-settings=\"{&quot;background_background&quot;:&quot;classic&quot;}\">\n\t\t\t<div class=\"elementor-widget-wrap elementor-element-populated\">\n\t\t\t\t\t\t<section data-particle_enable=\"false\" data-particle-mobile-disabled=\"false\" class=\"elementor-section elementor-inner-section elementor-element elementor-element-d5a1cdf elementor-section-boxed elementor-section-height-default elementor-section-height-default\" data-id=\"d5a1cdf\" data-element_type=\"section\" data-e-type=\"section\">\n\t\t\t\t\t\t<div class=\"elementor-container elementor-column-gap-default\">\n\t\t\t\t\t<div class=\"elementor-column elementor-col-100 elementor-inner-column elementor-element elementor-element-88eb672\" data-id=\"88eb672\" data-element_type=\"column\" data-e-type=\"column\" data-settings=\"{&quot;background_background&quot;:&quot;classic&quot;}\">\n\t\t\t<div class=\"elementor-widget-wrap elementor-element-populated\">\n\t\t\t\t\t\t<div class=\"elementor-element elementor-element-86dc4fb elementor-widget elementor-widget-heading\" data-id=\"86dc4fb\" data-element_type=\"widget\" data-e-type=\"widget\" data-widget_type=\"heading.default\">\n\t\t\t\t\t<h1 class=\"elementor-heading-title elementor-size-default\">Pol\u00edtica de privacidad<\/h1>\t\t\t\t<\/div>\n\t\t\t\t\t<\/div>\n\t\t<\/div>\n\t\t\t\t\t<\/div>\n\t\t<\/section>\n\t\t\t\t<section data-particle_enable=\"false\" data-particle-mobile-disabled=\"false\" class=\"elementor-section elementor-inner-section elementor-element elementor-element-507cff4 elementor-section-boxed elementor-section-height-default elementor-section-height-default\" data-id=\"507cff4\" data-element_type=\"section\" data-e-type=\"section\">\n\t\t\t\t\t\t<div class=\"elementor-container elementor-column-gap-default\">\n\t\t\t\t\t<div class=\"elementor-column elementor-col-100 elementor-inner-column elementor-element elementor-element-ea8a859\" data-id=\"ea8a859\" data-element_type=\"column\" data-e-type=\"column\">\n\t\t\t<div class=\"elementor-widget-wrap elementor-element-populated\">\n\t\t\t\t\t\t<div class=\"elementor-element elementor-element-b472701 elementor-widget elementor-widget-text-editor\" data-id=\"b472701\" data-element_type=\"widget\" data-e-type=\"widget\" data-widget_type=\"text-editor.default\">\n\t\t\t\t\t\t\t\t\t<h2 data-uw-styling-context=\"true\">Objeto del aviso de confidencialidad<\/h2><p data-uw-styling-context=\"true\">Goldberg &amp; Loren (la \u00abFirma\u00bb) respeta su preocupaci\u00f3n por la privacidad y se la toma muy en serio. Este Aviso de Privacidad en L\u00ednea (el \u00abAviso de Privacidad\u00bb) se aplica \u00fanicamente a la informaci\u00f3n personal recopilada en GoldbergLoren.com (el \u00abSitio Web\u00bb). Este aviso describe los tipos de informaci\u00f3n personal que recopilamos en este sitio web, c\u00f3mo podemos utilizar esa informaci\u00f3n y con qui\u00e9n la compartimos. Nuestra Pol\u00edtica de privacidad en l\u00ednea tambi\u00e9n describe las medidas que tomamos para proteger la seguridad de la informaci\u00f3n. Tambi\u00e9n le indicamos c\u00f3mo puede ponerse en contacto con nosotros para responder a cualquier pregunta que pueda tener sobre nuestras pr\u00e1cticas de privacidad en l\u00ednea.<\/p><p data-uw-styling-context=\"true\">El presente Aviso de Privacidad regula el uso que usted haga de este Sitio Web y de cualquier contenido, producto o servicio disponible desde o a trav\u00e9s del mismo. El Sitio Web es puesto a disposici\u00f3n por la Firma. Al visitar este sitio web y solicitar informaci\u00f3n, productos o servicios ofrecidos en este sitio web o a trav\u00e9s de \u00e9l, usted acepta los t\u00e9rminos del presente Aviso de privacidad, en su versi\u00f3n modificada peri\u00f3dicamente. A medida que la Firma actualice o ampl\u00ede su Sitio Web, servicios o productos, este Aviso de Privacidad podr\u00e1 cambiar y los cambios entrar\u00e1n en vigor en el momento de su publicaci\u00f3n. Por favor, compruebe con frecuencia si hay actualizaciones, ya que es su responsabilidad estar al tanto de los cambios. La Empresa no notifica los cambios de ninguna otra forma que no sea public\u00e1ndolos en este Sitio Web. El Bufete no es responsable de la recopilaci\u00f3n de informaci\u00f3n ni de las pr\u00e1cticas de privacidad de los sitios web o aplicaciones de terceros que el Bufete no posea o controle.<\/p><p data-uw-styling-context=\"true\">Este sitio web est\u00e1 destinado a usuarios ubicados en los Estados Unidos de Am\u00e9rica. El Aviso de Privacidad se interpretar\u00e1 de conformidad con la legislaci\u00f3n de los Estados Unidos.<\/p><h2 data-uw-styling-context=\"true\">Recogida de informaci\u00f3n<\/h2><p data-uw-styling-context=\"true\">Si nos env\u00eda un correo electr\u00f3nico a trav\u00e9s del sitio web, puede optar por facilitarnos informaci\u00f3n personal como su nombre, direcci\u00f3n de correo electr\u00f3nico o n\u00famero de tel\u00e9fono.<\/p><p data-uw-styling-context=\"true\">Tambi\u00e9n puede proporcionar informaci\u00f3n adicional. Utilizamos la informaci\u00f3n que nos facilita para responder y comunicarnos con usted en relaci\u00f3n con sus preguntas y comentarios jur\u00eddicos.<\/p><p data-uw-styling-context=\"true\">Podemos recopilar cierta informaci\u00f3n por medios automatizados cuando usted visita el sitio web, como el n\u00famero de usuarios que lo han visitado y las p\u00e1ginas a las que se ha accedido. Al recopilar esta informaci\u00f3n, aprendemos a adaptar mejor nuestro sitio web a nuestros visitantes.<\/p><p data-uw-styling-context=\"true\">Recogemos esta informaci\u00f3n a trav\u00e9s de \u00abcookies\u00bb y direcciones IP. Las cookies son una funci\u00f3n del software de su navegador que, cuando est\u00e1 activada, coloca fragmentos de texto en el disco duro de su ordenador cuando visita determinados sitios web. Podemos utilizar cookies para saber, por ejemplo, si ha visitado el sitio web anteriormente y qu\u00e9 contenido puede haber visto en visitas anteriores que pueda ser de especial inter\u00e9s para usted.<\/p><p data-uw-styling-context=\"true\">Su navegador web puede indicarle c\u00f3mo dejar de aceptar nuevas cookies, c\u00f3mo ser notificado cuando reciba una nueva cookie y c\u00f3mo desactivar las cookies existentes.<\/p><h2 data-uw-styling-context=\"true\">Informaci\u00f3n directa del usuario<\/h2><p data-uw-styling-context=\"true\">Cada vez que proporcione o transmita informaci\u00f3n a trav\u00e9s del Sitio Web, la Empresa podr\u00e1 obtener y recopilar informaci\u00f3n personal sobre usted, incluidos, entre otros, su nombre, direcci\u00f3n de correo electr\u00f3nico, direcci\u00f3n postal y n\u00famero de tel\u00e9fono fijo o m\u00f3vil (denominados colectivamente \u00abInformaci\u00f3n personal\u00bb).<\/p><p data-uw-styling-context=\"true\">Otro m\u00e9todo de recogida de Datos Personales puede ser la suscripci\u00f3n voluntaria a un servicio o bolet\u00edn de la Firma.<\/p><h2 data-uw-styling-context=\"true\">No se recoge informaci\u00f3n de los ni\u00f1os<\/h2><p data-uw-styling-context=\"true\">La Empresa nunca recopilar\u00e1 conscientemente Informaci\u00f3n Personal de ni\u00f1os menores de 13 a\u00f1os.<\/p><p data-uw-styling-context=\"true\">Si la Empresa tiene conocimiento efectivo de que ha recopilado Informaci\u00f3n Personal sobre un ni\u00f1o menor de 13 a\u00f1os, dicha informaci\u00f3n se eliminar\u00e1 inmediatamente de su base de datos.<\/p><p data-uw-styling-context=\"true\">Al no recopilar dicha informaci\u00f3n, la Empresa no dispone de ella para utilizarla o revelarla a terceros.<\/p><h2 data-uw-styling-context=\"true\">Uso de la informaci\u00f3n personal<\/h2><p data-uw-styling-context=\"true\">Los siguientes p\u00e1rrafos describen c\u00f3mo la Firma utiliza actualmente la Informaci\u00f3n Personal, pero la Firma puede modificar este p\u00e1rrafo de vez en cuando. La Firma puede utilizar la Informaci\u00f3n Personal para proporcionar boletines y alertas de noticias mediante publicidad por correo electr\u00f3nico.<\/p><p data-uw-styling-context=\"true\">Si los destinatarios de correo electr\u00f3nico desean cancelar su suscripci\u00f3n a una lista determinada, deben seguir las instrucciones que aparecen al final de cada mensaje o enviar un mensaje de cancelaci\u00f3n de la suscripci\u00f3n a info@rdintegratedmarketing.com.<\/p><h2 data-uw-styling-context=\"true\">Almacenamiento de datos personales<\/h2><p data-uw-styling-context=\"true\">La Empresa almacena la Informaci\u00f3n Personal en una base de datos en sus propios ordenadores. Todos los ordenadores en los que se almacenan sus Datos Personales cuentan con medidas de seguridad (como un cortafuegos y protecciones mediante contrase\u00f1a) para protegerlos contra la p\u00e9rdida, el uso indebido y la alteraci\u00f3n de la informaci\u00f3n bajo el control de la Empresa.<\/p><p data-uw-styling-context=\"true\">A pesar de lo anterior, la Firma no puede garantizar que sus medidas de seguridad impidan el acceso ilegal a sus ordenadores y el robo o alteraci\u00f3n de los Datos Personales contenidos en ellos.<\/p><h2 data-uw-styling-context=\"true\">Otros usos de la informaci\u00f3n personal<\/h2><p data-uw-styling-context=\"true\">La Firma puede utilizar su Informaci\u00f3n Personal de las siguientes maneras: (1) Si usted contribuye a un \u00e1rea p\u00fablica o caracter\u00edstica de nuestro Sitio Web, como un servicio de listas, blog, u otro foro abierto que podamos poner a disposici\u00f3n en o a trav\u00e9s de nuestro Sitio Web, la informaci\u00f3n que usted env\u00ede se pondr\u00e1 a disposici\u00f3n del p\u00fablico en general y no se considerar\u00e1 \u00abInformaci\u00f3n Personal\u00bb a los efectos de este Aviso de Privacidad. Por este motivo, le recomendamos que no env\u00ede informaci\u00f3n confidencial, como su nombre completo, direcci\u00f3n, n\u00famero de tel\u00e9fono u otra informaci\u00f3n que permita a otros usuarios localizarle o su informaci\u00f3n financiera en estas \u00e1reas del sitio web.<\/p><p data-uw-styling-context=\"true\">Ser\u00eda aconsejable crear un nombre de usuario que no revele su identidad personal.<\/p><p data-uw-styling-context=\"true\">La Firma podr\u00e1 utilizar sus Datos Personales para cualquier fin de marketing y encuestas en nombre de la Firma, para enviarle informaci\u00f3n sobre servicios y noticias que puedan ser de su inter\u00e9s. La Firma no revelar\u00e1 sus Datos Personales a terceros agentes y contratistas independientes.<\/p><h2 data-uw-styling-context=\"true\">Proveedores de servicios<\/h2><p data-uw-styling-context=\"true\">La Firma puede utilizar a terceros para ayudar a operar nuestro Sitio Web, entregar productos y servicios, y la Firma puede compartir su Informaci\u00f3n Personal con dichos terceros para nuestro negocio (como compa\u00f1\u00edas de hospedaje de Sitios Web o bases de datos, compa\u00f1\u00edas de hospedaje de listas de direcciones, proveedores de servicios de correo electr\u00f3nico, y otros proveedores de servicios similares que utilizan dicha informaci\u00f3n en nuestro nombre).<\/p><p data-uw-styling-context=\"true\">Estas partes no tienen ning\u00fan derecho a utilizar la Informaci\u00f3n Personal que les proporcionamos m\u00e1s all\u00e1 de lo necesario para que nos ayuden.<\/p><h2 data-uw-styling-context=\"true\">Cumplimiento de los procedimientos legales<\/h2><p data-uw-styling-context=\"true\">La Firma usar\u00e1 o divulgar\u00e1 su Informaci\u00f3n Personal en respuesta a citaciones, \u00f3rdenes judiciales, mandatos o procesos legales, o para establecer o ejercer nuestros derechos legales o defendernos contra demandas legales o en el caso de que usted viole o incumpla un acuerdo con la Firma.<\/p><p data-uw-styling-context=\"true\">La Firma se reserva el derecho de revelar su Informaci\u00f3n Personal si creemos que puede da\u00f1ar la propiedad o los derechos de la Firma, sus propietarios, o los de otros clientes de la Firma.<\/p><p data-uw-styling-context=\"true\">Por \u00faltimo, la Firma se reserva el derecho de utilizar o divulgar su Informaci\u00f3n Personal si creemos que es necesario compartir informaci\u00f3n para investigar, prevenir o tomar medidas con respecto a actividades ilegales, sospecha de fraude, situaciones que impliquen amenazas potenciales a la seguridad f\u00edsica de cualquier persona, o como lo requiera la ley al responder a citaciones, \u00f3rdenes judiciales y otros procesos legales.<\/p><h2 data-uw-styling-context=\"true\">El contenido del sitio no es asesoramiento jur\u00eddico<\/h2><p data-uw-styling-context=\"true\">Ning\u00fan contenido publicado en este sitio web sustituye el asesoramiento jur\u00eddico o la opini\u00f3n de un abogado autorizado en su estado.<\/p><p data-uw-styling-context=\"true\">Este sitio web es simplemente un recurso inicial de informaci\u00f3n sobre los temas aqu\u00ed contenidos y no pretende ofrecer ninguna respuesta definitiva, por lo que no debe confiarse en \u00e9l para ning\u00fan fin.<\/p><p data-uw-styling-context=\"true\">Los no profesionales deben buscar la ayuda de un abogado autorizado en sus jurisdicciones, y los profesionales deben consultar directamente las fuentes primarias, como las leyes y la jurisprudencia.<\/p><h2 data-uw-styling-context=\"true\">No a las comunicaciones privilegiadas entre abogado y cliente<\/h2><p data-uw-styling-context=\"true\">Comunicaciones a trav\u00e9s de este sitio web (a) no crea una relaci\u00f3n abogado-cliente; (b) no son solicitudes; (c) no transmite ni constituye asesoramiento jur\u00eddico; y (d) no sustituye al asesoramiento jur\u00eddico de un abogado cualificado.<\/p><p data-uw-styling-context=\"true\">Todos los usuarios deben buscar asesoramiento profesional cualificado en relaci\u00f3n con preguntas o problemas espec\u00edficos del usuario. Cualquier intercambio de informaci\u00f3n v\u00eda e-mail con un abogado de la Firma a trav\u00e9s de este Sitio Web, no crea una relaci\u00f3n abogado-cliente.<\/p><p data-uw-styling-context=\"true\">Cualquier contacto a trav\u00e9s de este sitio web o por correo electr\u00f3nico antes de la ejecuci\u00f3n de un acuerdo de retenci\u00f3n por escrito con la Firma no se concede ning\u00fan privilegio de abogado cliente.<\/p><p data-uw-styling-context=\"true\">No debe enviarse ni publicarse informaci\u00f3n confidencial o sensible a trav\u00e9s de este sitio web. Este sitio web contiene publicidad de un abogado.<\/p><p data-uw-styling-context=\"true\">No se garantiza que la calidad de los servicios jur\u00eddicos prestados sea superior a la calidad de los servicios jur\u00eddicos prestados por otros abogados.<\/p><p data-uw-styling-context=\"true\">Si tiene alguna pregunta sobre este Aviso de Privacidad, p\u00f3ngase en contacto con nosotros en info@rdintegratedmarketing.com o por tel\u00e9fono en el <a href=\"tel:+18007191617\">1-800-719-1617<\/a>. Tambi\u00e9n puede escribirnos a Goldberg &amp; Loren, 1776 N. Pine Island Rd., Suite 224, Plantation, FL 33322 (EE.UU.)<\/p>\t\t\t\t\t\t\t\t<\/div>\n\t\t\t\t\t<\/div>\n\t\t<\/div>\n\t\t\t\t\t<\/div>\n\t\t<\/section>\n\t\t\t\t\t<\/div>\n\t\t<\/div>\n\t\t\t\t\t<\/div>\n\t\t<\/section>\n\t\t\t\t<\/div>\n\t\t","protected":false},"excerpt":{"rendered":"<p>Pol\u00edtica de privacidad Objeto del aviso de confidencialidad Goldberg &amp; Loren (la \u00abFirma\u00bb) respeta su preocupaci\u00f3n por la privacidad y se la toma muy en serio. Este Aviso de Privacidad en L\u00ednea (el \u00abAviso de Privacidad\u00bb) se aplica \u00fanicamente a la informaci\u00f3n personal recopilada en GoldbergLoren.com (el \u00abSitio Web\u00bb). Este aviso describe los tipos de [&hellip;]<\/p>\n","protected":false},"author":1,"featured_media":0,"parent":0,"menu_order":0,"comment_status":"closed","ping_status":"closed","template":"","meta":{"_acf_changed":false,"footnotes":""},"class_list":["post-28291","page","type-page","status-publish","hentry"],"acf":[],"_links":{"self":[{"href":"https:\/\/goldbergloren.com\/es\/wp-json\/wp\/v2\/pages\/28291","targetHints":{"allow":["GET"]}}],"collection":[{"href":"https:\/\/goldbergloren.com\/es\/wp-json\/wp\/v2\/pages"}],"about":[{"href":"https:\/\/goldbergloren.com\/es\/wp-json\/wp\/v2\/types\/page"}],"author":[{"embeddable":true,"href":"https:\/\/goldbergloren.com\/es\/wp-json\/wp\/v2\/users\/1"}],"replies":[{"embeddable":true,"href":"https:\/\/goldbergloren.com\/es\/wp-json\/wp\/v2\/comments?post=28291"}],"version-history":[{"count":0,"href":"https:\/\/goldbergloren.com\/es\/wp-json\/wp\/v2\/pages\/28291\/revisions"}],"wp:attachment":[{"href":"https:\/\/goldbergloren.com\/es\/wp-json\/wp\/v2\/media?parent=28291"}],"curies":[{"name":"wp","href":"https:\/\/api.w.org\/{rel}","templated":true}]}}